{"id":9542,"date":"2019-05-27T03:26:03","date_gmt":"2019-05-27T01:26:03","guid":{"rendered":"https:\/\/renemaraite.viersieben.be\/equipe\/"},"modified":"2025-01-05T15:42:30","modified_gmt":"2025-01-05T14:42:30","slug":"equipe","status":"publish","type":"page","link":"https:\/\/renemaraite.viersieben.be\/fr\/equipe\/","title":{"rendered":"\u00c9quipe"},"content":{"rendered":"\t\t<div data-elementor-type=\"wp-post\" data-elementor-id=\"9542\" class=\"elementor elementor-9542 elementor-20\" data-elementor-post-type=\"page\">\n\t\t\t\t\t\t<section class=\"elementor-section elementor-top-section elementor-element elementor-element-6fb2502 elementor-section-boxed elementor-section-height-default elementor-section-height-default\" data-id=\"6fb2502\" data-element_type=\"section\">\n\t\t\t\t\t\t<div class=\"elementor-container elementor-column-gap-default\">\n\t\t\t\t\t<div class=\"elementor-column elementor-col-100 elementor-top-column elementor-element elementor-element-e7c4d15\" data-id=\"e7c4d15\" data-element_type=\"column\">\n\t\t\t<div class=\"elementor-widget-wrap elementor-element-populated\">\n\t\t\t\t\t\t<div class=\"elementor-element elementor-element-7dc2900 elementor-align-center elementor-widget elementor-widget-bdevs-heading\" data-id=\"7dc2900\" data-element_type=\"widget\" data-widget_type=\"bdevs-heading.default\">\n\t\t\t\t<div class=\"elementor-widget-container\">\n\t\t\t\t\t\t\t\t<div class=\"section-title tp-el-content\">\n\t\t\t\t<div class=\"section-text\">\n\t\t\t\t\t\n\t\t\t\t\t<h2 class=\"sec-title tp-el-title\">Unser Team<\/h2>\n\n\t\t\t\t\t\t\t\t\t<\/div>\n\t\t\t<\/div>\n\n\n\t\t\t\t\t\t<\/div>\n\t\t\t\t<\/div>\n\t\t\t\t\t<\/div>\n\t\t<\/div>\n\t\t\t\t\t<\/div>\n\t\t<\/section>\n\t\t\t\t<section class=\"elementor-section elementor-top-section elementor-element elementor-element-b3fde9d elementor-section-full_width elementor-section-height-default elementor-section-height-default\" data-id=\"b3fde9d\" data-element_type=\"section\">\n\t\t\t\t\t\t<div class=\"elementor-container elementor-column-gap-no\">\n\t\t\t\t\t<div class=\"elementor-column elementor-col-100 elementor-top-column elementor-element elementor-element-34adcf4\" data-id=\"34adcf4\" data-element_type=\"column\">\n\t\t\t<div class=\"elementor-widget-wrap elementor-element-populated\">\n\t\t\t\t\t\t<div class=\"elementor-element elementor-element-2d3fe95 elementor-widget elementor-widget-bdevs-member-post\" data-id=\"2d3fe95\" data-element_type=\"widget\" data-widget_type=\"bdevs-member-post.default\">\n\t\t\t\t<div class=\"elementor-widget-container\">\n\t\t\t\t\t\t\t\t<section class=\"team-area\">\n\t\t\t\t<div class=\"container\">\n\t\t\t\t\t<div class=\"row \">\n\t\t\t\t\t\t\t\t\t\t\t\t\t\t<div class=\"col-xl-4 col-lg-4 col-md-6 col-12\">\n\t\t\t\t\t\t\t\t\t<div class=\"team-wrapper team-box-2 bdevs-el-content  text-center mb-30\">\n\t\t\t\t\t\t\t\t\t\t<div class=\"team-thumb\">\n\t\t\t\t\t\t\t\t\t\t\t<img fetchpriority=\"high\" decoding=\"async\" width=\"1200\" height=\"1200\" src=\"https:\/\/renemaraite.viersieben.be\/wp-content\/uploads\/2019\/06\/Zahnarzt-Maraite_Team-Rene-1.jpg\" class=\"attachment-post-thumbnail size-post-thumbnail wp-post-image\" alt=\"\" srcset=\"https:\/\/renemaraite.viersieben.be\/wp-content\/uploads\/2019\/06\/Zahnarzt-Maraite_Team-Rene-1.jpg 1200w, https:\/\/renemaraite.viersieben.be\/wp-content\/uploads\/2019\/06\/Zahnarzt-Maraite_Team-Rene-1-300x300.jpg 300w, https:\/\/renemaraite.viersieben.be\/wp-content\/uploads\/2019\/06\/Zahnarzt-Maraite_Team-Rene-1-1024x1024.jpg 1024w, https:\/\/renemaraite.viersieben.be\/wp-content\/uploads\/2019\/06\/Zahnarzt-Maraite_Team-Rene-1-150x150.jpg 150w, https:\/\/renemaraite.viersieben.be\/wp-content\/uploads\/2019\/06\/Zahnarzt-Maraite_Team-Rene-1-768x768.jpg 768w, https:\/\/renemaraite.viersieben.be\/wp-content\/uploads\/2019\/06\/Zahnarzt-Maraite_Team-Rene-1-270x270.jpg 270w\" sizes=\"(max-width: 1200px) 100vw, 1200px\" \/>\t\t\t\t\t\t\t\t\t\t<\/div>\n\t\t\t\t\t\t\t\t\t\t<div class=\"team-member-info mt-35 mb-20\">\n\t\t\t\t\t\t\t\t\t\t\t<h3 class=\"bdevs-el-title\"><a class=\"bdevs-el-title\" href=\"https:\/\/renemaraite.viersieben.be\/fr\/member\/rene-maraite-m-sc\/\">Ren\u00e9 Maraite M.Sc.<\/a><\/h3>\n\t\t\t\t\t\t\t\t\t\t\t<h6 class=\"f-500 text-up-case letter-spacing pink-color bdevs-el-subtitle\">M.Sc. parodontologie &amp; implantologie <\/h6>\n\t\t\t\t\t\t\t\t\t\t<\/div>\n\t\t\t\t\t\t\t\t\t\t<div class=\"team-social-profile mb-15\">\n\t\t\t\t\t\t\t\t\t\t\t<ul class=\"bdevs-member-links\">\n\t\t\t\t\t\t\t\t\t\t\t\t\n\t\t\t\t\t\t\t\t\t\t\t\t\n\t\t\t\t\t\t\t\t\t\t\t\t\n\t\t\t\t\t\t\t\t\t\t\t\t\n\t\t\t\t\t\t\t\t\t\t\t\t\t\t\t\t\t\t\t\t\t\t\t<\/ul>\n\t\t\t\t\t\t\t\t\t\t<\/div>\n\t\t\t\t\t\t\t\t\t<\/div>\n\t\t\t\t\t\t\t\t<\/div>\n\t\t\t\t\t\t\t\t\t\t\t\t\t\t<div class=\"col-xl-4 col-lg-4 col-md-6 col-12\">\n\t\t\t\t\t\t\t\t\t<div class=\"team-wrapper team-box-2 bdevs-el-content  text-center mb-30\">\n\t\t\t\t\t\t\t\t\t\t<div class=\"team-thumb\">\n\t\t\t\t\t\t\t\t\t\t\t<img decoding=\"async\" width=\"1200\" height=\"1200\" src=\"https:\/\/renemaraite.viersieben.be\/wp-content\/uploads\/2024\/05\/Zahnarzt-Maraite_Team-Becaye.jpg\" class=\"attachment-post-thumbnail size-post-thumbnail wp-post-image\" alt=\"\" srcset=\"https:\/\/renemaraite.viersieben.be\/wp-content\/uploads\/2024\/05\/Zahnarzt-Maraite_Team-Becaye.jpg 1200w, https:\/\/renemaraite.viersieben.be\/wp-content\/uploads\/2024\/05\/Zahnarzt-Maraite_Team-Becaye-300x300.jpg 300w, https:\/\/renemaraite.viersieben.be\/wp-content\/uploads\/2024\/05\/Zahnarzt-Maraite_Team-Becaye-1024x1024.jpg 1024w, https:\/\/renemaraite.viersieben.be\/wp-content\/uploads\/2024\/05\/Zahnarzt-Maraite_Team-Becaye-150x150.jpg 150w, https:\/\/renemaraite.viersieben.be\/wp-content\/uploads\/2024\/05\/Zahnarzt-Maraite_Team-Becaye-768x768.jpg 768w, https:\/\/renemaraite.viersieben.be\/wp-content\/uploads\/2024\/05\/Zahnarzt-Maraite_Team-Becaye-270x270.jpg 270w\" sizes=\"(max-width: 1200px) 100vw, 1200px\" \/>\t\t\t\t\t\t\t\t\t\t<\/div>\n\t\t\t\t\t\t\t\t\t\t<div class=\"team-member-info mt-35 mb-20\">\n\t\t\t\t\t\t\t\t\t\t\t<h3 class=\"bdevs-el-title\"><a class=\"bdevs-el-title\" href=\"https:\/\/renemaraite.viersieben.be\/fr\/member\/dr-becaye-toure\/\">Dr Becaye Toure<\/a><\/h3>\n\t\t\t\t\t\t\t\t\t\t\t<h6 class=\"f-500 text-up-case letter-spacing pink-color bdevs-el-subtitle\">Dentiste sp\u00e9cialis\u00e9 en orthodontie<\/h6>\n\t\t\t\t\t\t\t\t\t\t<\/div>\n\t\t\t\t\t\t\t\t\t\t<div class=\"team-social-profile mb-15\">\n\t\t\t\t\t\t\t\t\t\t\t<ul class=\"bdevs-member-links\">\n\t\t\t\t\t\t\t\t\t\t\t\t\n\t\t\t\t\t\t\t\t\t\t\t\t\n\t\t\t\t\t\t\t\t\t\t\t\t\n\t\t\t\t\t\t\t\t\t\t\t\t\n\t\t\t\t\t\t\t\t\t\t\t\t\t\t\t\t\t\t\t\t\t\t\t<\/ul>\n\t\t\t\t\t\t\t\t\t\t<\/div>\n\t\t\t\t\t\t\t\t\t<\/div>\n\t\t\t\t\t\t\t\t<\/div>\n\t\t\t\t\t\t\t\t\t\t\t\t\t\t<div class=\"col-xl-4 col-lg-4 col-md-6 col-12\">\n\t\t\t\t\t\t\t\t\t<div class=\"team-wrapper team-box-2 bdevs-el-content  text-center mb-30\">\n\t\t\t\t\t\t\t\t\t\t<div class=\"team-thumb\">\n\t\t\t\t\t\t\t\t\t\t\t<img decoding=\"async\" width=\"1200\" height=\"1200\" src=\"https:\/\/renemaraite.viersieben.be\/wp-content\/uploads\/2023\/06\/Zahnarzt-Maraite_Team-Tess.jpg\" class=\"attachment-post-thumbnail size-post-thumbnail wp-post-image\" alt=\"\" srcset=\"https:\/\/renemaraite.viersieben.be\/wp-content\/uploads\/2023\/06\/Zahnarzt-Maraite_Team-Tess.jpg 1200w, https:\/\/renemaraite.viersieben.be\/wp-content\/uploads\/2023\/06\/Zahnarzt-Maraite_Team-Tess-300x300.jpg 300w, https:\/\/renemaraite.viersieben.be\/wp-content\/uploads\/2023\/06\/Zahnarzt-Maraite_Team-Tess-1024x1024.jpg 1024w, https:\/\/renemaraite.viersieben.be\/wp-content\/uploads\/2023\/06\/Zahnarzt-Maraite_Team-Tess-150x150.jpg 150w, https:\/\/renemaraite.viersieben.be\/wp-content\/uploads\/2023\/06\/Zahnarzt-Maraite_Team-Tess-768x768.jpg 768w, https:\/\/renemaraite.viersieben.be\/wp-content\/uploads\/2023\/06\/Zahnarzt-Maraite_Team-Tess-270x270.jpg 270w\" sizes=\"(max-width: 1200px) 100vw, 1200px\" \/>\t\t\t\t\t\t\t\t\t\t<\/div>\n\t\t\t\t\t\t\t\t\t\t<div class=\"team-member-info mt-35 mb-20\">\n\t\t\t\t\t\t\t\t\t\t\t<h3 class=\"bdevs-el-title\"><a class=\"bdevs-el-title\" href=\"https:\/\/renemaraite.viersieben.be\/fr\/member\/tess-huener\/\">Tess Huener<\/a><\/h3>\n\t\t\t\t\t\t\t\t\t\t\t<h6 class=\"f-500 text-up-case letter-spacing pink-color bdevs-el-subtitle\">Comptabilit\u00e9 &amp; Secr\u00e9tariat<\/h6>\n\t\t\t\t\t\t\t\t\t\t<\/div>\n\t\t\t\t\t\t\t\t\t\t<div class=\"team-social-profile mb-15\">\n\t\t\t\t\t\t\t\t\t\t\t<ul class=\"bdevs-member-links\">\n\t\t\t\t\t\t\t\t\t\t\t\t\n\t\t\t\t\t\t\t\t\t\t\t\t\n\t\t\t\t\t\t\t\t\t\t\t\t\n\t\t\t\t\t\t\t\t\t\t\t\t\n\t\t\t\t\t\t\t\t\t\t\t\t\t\t\t\t\t\t\t\t\t\t\t<\/ul>\n\t\t\t\t\t\t\t\t\t\t<\/div>\n\t\t\t\t\t\t\t\t\t<\/div>\n\t\t\t\t\t\t\t\t<\/div>\n\t\t\t\t\t\t\t\t\t\t\t<\/div>\n\t\t\t\t<\/div>\n\t\t\t<\/section>\n\t\t\n\t\t\t\t<\/div>\n\t\t\t\t<\/div>\n\t\t\t\t\t<\/div>\n\t\t<\/div>\n\t\t\t\t\t<\/div>\n\t\t<\/section>\n\t\t\t\t<\/div>\n\t\t","protected":false},"excerpt":{"rendered":"<p>Unser Team Ren\u00e9 Maraite M.Sc. M.Sc. Parodontologie &amp; Implantologie Dr. Becaye Toure Fachzahnarzt f\u00fcr Kieferorthop\u00e4die Tess Huener Buchhaltung &amp; Sekretariat C\u00e9line Velz Zahnmedizinische Fachangestellte Zahnmedizinischen Prophylaxeassistentin Lea Ross Zahnmedizinische Fachangestellte Mareike Hau Zahnmedizinische Fachangestellte<\/p>\n","protected":false},"author":1,"featured_media":0,"parent":0,"menu_order":0,"comment_status":"closed","ping_status":"closed","template":"elementor_header_footer","meta":{"_acf_changed":false,"footnotes":""},"class_list":["post-9542","page","type-page","status-publish","hentry"],"acf":[],"_links":{"self":[{"href":"https:\/\/renemaraite.viersieben.be\/fr\/wp-json\/wp\/v2\/pages\/9542","targetHints":{"allow":["GET"]}}],"collection":[{"href":"https:\/\/renemaraite.viersieben.be\/fr\/wp-json\/wp\/v2\/pages"}],"about":[{"href":"https:\/\/renemaraite.viersieben.be\/fr\/wp-json\/wp\/v2\/types\/page"}],"author":[{"embeddable":true,"href":"https:\/\/renemaraite.viersieben.be\/fr\/wp-json\/wp\/v2\/users\/1"}],"replies":[{"embeddable":true,"href":"https:\/\/renemaraite.viersieben.be\/fr\/wp-json\/wp\/v2\/comments?post=9542"}],"version-history":[{"count":1,"href":"https:\/\/renemaraite.viersieben.be\/fr\/wp-json\/wp\/v2\/pages\/9542\/revisions"}],"predecessor-version":[{"id":9543,"href":"https:\/\/renemaraite.viersieben.be\/fr\/wp-json\/wp\/v2\/pages\/9542\/revisions\/9543"}],"wp:attachment":[{"href":"https:\/\/renemaraite.viersieben.be\/fr\/wp-json\/wp\/v2\/media?parent=9542"}],"curies":[{"name":"wp","href":"https:\/\/api.w.org\/{rel}","templated":true}]}}