{"id":9539,"date":"2019-05-27T03:23:16","date_gmt":"2019-05-27T01:23:16","guid":{"rendered":"https:\/\/renemaraite.viersieben.be\/a-propos-de-la-pratique\/"},"modified":"2025-01-05T18:40:41","modified_gmt":"2025-01-05T17:40:41","slug":"a-propos-de-la-pratique","status":"publish","type":"page","link":"https:\/\/renemaraite.viersieben.be\/fr\/a-propos-de-la-pratique\/","title":{"rendered":"\u00c0 propos de la pratique"},"content":{"rendered":"\t\t<div data-elementor-type=\"wp-post\" data-elementor-id=\"9539\" class=\"elementor elementor-9539 elementor-13\" data-elementor-post-type=\"page\">\n\t\t\t\t\t\t<section class=\"elementor-section elementor-top-section elementor-element elementor-element-ea7bcde elementor-section-full_width elementor-section-height-default elementor-section-height-default\" data-id=\"ea7bcde\" data-element_type=\"section\">\n\t\t\t\t\t\t<div class=\"elementor-container elementor-column-gap-no\">\n\t\t\t\t\t<div class=\"elementor-column elementor-col-100 elementor-top-column elementor-element elementor-element-c5cafd4\" data-id=\"c5cafd4\" data-element_type=\"column\">\n\t\t\t<div class=\"elementor-widget-wrap elementor-element-populated\">\n\t\t\t\t\t\t<div class=\"elementor-element elementor-element-afaab48 elementor-align-left elementor-widget elementor-widget-bdevs-about\" data-id=\"afaab48\" data-element_type=\"widget\" data-widget_type=\"bdevs-about.default\">\n\t\t\t\t<div class=\"elementor-widget-container\">\n\t\t\t\t\t\n\t\t\t<section class=\"about-area about-style-6 bdevs-el-section\">\n\t\t\t\t<div class=\"container\">\n\t\t\t\t\t<div class=\"row\">\n\t\t\t\t\t\t<div class=\"col-xl-6 col-lg-5\">\n\t\t\t\t\t\t\t<div class=\"about-left-side pos-rel mb-30\">\n\t\t\t\t\t\t\t\t<div class=\"about-img pos-rel\">\n\t\t\t\t\t\t\t\t\t\t\t\t\t\t\t\t\t\t\t<img decoding=\"async\" src=\"https:\/\/renemaraite.viersieben.be\/wp-content\/uploads\/2023\/06\/Rene-Praxis_viersieben-08-scaled.jpg\" alt=\"About Image\">\n\t\t\t\t\t\t\t\t\t\t\t\t\t\t\t\t\t<\/div>\n\t\t\t\t\t\t\t<\/div>\n\t\t\t\t\t\t<\/div>\n\t\t\t\t\t\t<div class=\"col-xl-6 col-lg-7\">\n\t\t\t\t\t\t\t<div class=\"about-right-side mb-30 tp-el-content\">\n\t\t\t\t\t\t\t\t<div class=\"about-title mb-20\">\n\t\t\t\t\t\t\t\t\t\n\t\t\t\t\t\t\t\t\t<h2 class=\"sec-title tp-el-title\">Votre cabinet dentaire en situation centrale<\/h2>\n\t\t\t\t\t\t\t\t<\/div>\n\n\t\t\t\t\t\t\t\t\t\t\t\t\t\t\t\t\t<div class=\"about-text mb-50\">\n\t\t\t\t\t\t\t\t\t\t<p>Notre cabinet dentaire a \u00e9t\u00e9 cr\u00e9\u00e9 en 2022 et vous offre depuis lors un environnement moderne, convivial et accessible pour vos soins dentaires. Il est situ\u00e9 au rez-de-chauss\u00e9e (Rez de Chausse), ce qui rend l'acc\u00e8s particuli\u00e8rement facile pour tous les patients. Gr\u00e2ce \u00e0 notre situation centrale entre Weiswampach et Troisvierges (Luxembourg), non loin de la fronti\u00e8re belge, nous sommes tr\u00e8s facilement accessibles tant pour les patients luxembourgeois que pour les patients belges - en particulier ceux venant de r\u00e9gions comme St. Vith et Burg Reuland.<\/p>\t\t\t\t\t\t\t\t\t<\/div>\n\t\t\t\t\t\t\t\t\t\t\t\t\t\t\t\t<div class=\"our-destination\">\n\t\t\t\t\t\t\t\t\t\t\t\t\t\t\t\t\t\t\t<div class=\"single-item mb-30\">\n\t\t\t\t\t\t\t\t\t\t\t\n\t\t\t\t\t\t\t\t\t\t\t<div class=\"mv-title fix\">\n\t\t\t\t\t\t\t\t\t\t\t\t<h3>Moderne, accessible et facile d'acc\u00e8s<\/h3>\n\t\t\t\t\t\t\t\t\t\t\t\t\t\t\t\t\t\t\t\t\t\t\t\t\t<p>Nous proposons un cabinet accessible aux personnes \u00e0 mobilit\u00e9 r\u00e9duite, ce qui leur permet d&rsquo;acc\u00e9der facilement \u00e0 notre cabinet. De plus, il y a suffisamment de places de parking juste derri\u00e8re le cabinet pour que vous puissiez vous rendre \u00e0 votre rendez-vous sans stress.\n\n\nNotre cabinet dentaire dispose de deux entr\u00e9es : l&rsquo;entr\u00e9e avant est facilement accessible depuis l&rsquo;arr\u00eat de bus situ\u00e9 \u00e0 proximit\u00e9, tandis que l&rsquo;entr\u00e9e arri\u00e8re est directement accessible depuis le parking. Vous pouvez ainsi acc\u00e9der \u00e0 notre cabinet selon vos souhaits et votre confort.<\/p>\n\t\t\t\t\t\t\t\t\t\t\t\t\t\t\t\t\t\t\t\t\t\t\t<\/div>\n\t\t\t\t\t\t\t\t\t\t<\/div>\n\t\t\t\t\t\t\t\t\t\t\t\t\t\t\t\t\t<\/div>\n\t\t\t\t\t\t\t<\/div>\n\t\t\t\t\t\t<\/div>\n\t\t\t\t\t<\/div>\n\t\t\t\t<\/div>\n\t\t\t<\/section>\n\n\t\t\t\t\t\t<\/div>\n\t\t\t\t<\/div>\n\t\t\t\t\t<\/div>\n\t\t<\/div>\n\t\t\t\t\t<\/div>\n\t\t<\/section>\n\t\t\t\t<section class=\"elementor-section elementor-top-section elementor-element elementor-element-9a6e952 elementor-section-full_width elementor-section-height-default elementor-section-height-default\" data-id=\"9a6e952\" data-element_type=\"section\">\n\t\t\t\t\t\t<div class=\"elementor-container elementor-column-gap-no\">\n\t\t\t\t\t<div class=\"elementor-column elementor-col-100 elementor-top-column elementor-element elementor-element-63e4703\" data-id=\"63e4703\" data-element_type=\"column\">\n\t\t\t<div class=\"elementor-widget-wrap elementor-element-populated\">\n\t\t\t\t\t\t<div class=\"elementor-element elementor-element-be49088 elementor-align-center elementor-widget elementor-widget-bdevs-heading\" data-id=\"be49088\" data-element_type=\"widget\" data-widget_type=\"bdevs-heading.default\">\n\t\t\t\t<div class=\"elementor-widget-container\">\n\t\t\t\t\t\t\t\t<div class=\"section-title tp-el-content\">\n\t\t\t\t<div class=\"section-text\">\n\t\t\t\t\t\n\t\t\t\t\t<h2 class=\"sec-title tp-el-title\">D\u00e9couvrez notre cabinet<\/h2>\n\n\t\t\t\t\t\t\t\t\t<\/div>\n\t\t\t<\/div>\n\n\n\t\t\t\t\t\t<\/div>\n\t\t\t\t<\/div>\n\t\t\t\t<div class=\"elementor-element elementor-element-47f2ab5 elementor-arrows-position-inside elementor-widget elementor-widget-image-carousel\" data-id=\"47f2ab5\" data-element_type=\"widget\" data-settings=\"{&quot;slides_to_show&quot;:&quot;3&quot;,&quot;navigation&quot;:&quot;arrows&quot;,&quot;autoplay_speed&quot;:4000,&quot;pause_on_hover&quot;:&quot;no&quot;,&quot;autoplay&quot;:&quot;yes&quot;,&quot;pause_on_interaction&quot;:&quot;yes&quot;,&quot;infinite&quot;:&quot;yes&quot;,&quot;speed&quot;:500}\" data-widget_type=\"image-carousel.default\">\n\t\t\t\t<div class=\"elementor-widget-container\">\n\t\t\t\t\t\t\t<div class=\"elementor-image-carousel-wrapper swiper\" role=\"region\" aria-roledescription=\"carousel\" aria-label=\"Bild Karussell\" dir=\"ltr\">\n\t\t\t<div class=\"elementor-image-carousel swiper-wrapper\" aria-live=\"off\">\n\t\t\t\t\t\t\t\t<div class=\"swiper-slide\" role=\"group\" aria-roledescription=\"slide\" aria-label=\"1 sur 11\"><figure class=\"swiper-slide-inner\"><img decoding=\"async\" class=\"swiper-slide-image\" src=\"https:\/\/renemaraite.viersieben.be\/wp-content\/uploads\/2023\/06\/Rene-Praxis_viersieben-01-1536x1024.jpg\" alt=\"Zahnarztpraxis Ren\u00e9 Maraite - Impressionen der Paxis - 1\" \/><\/figure><\/div><div class=\"swiper-slide\" role=\"group\" aria-roledescription=\"slide\" aria-label=\"2 sur 11\"><figure class=\"swiper-slide-inner\"><img decoding=\"async\" class=\"swiper-slide-image\" src=\"https:\/\/renemaraite.viersieben.be\/wp-content\/uploads\/2024\/12\/Praxis-Rene-48-1536x1024.jpg\" alt=\"Zahnarztpraxis Ren\u00e9 Maraite - Impressionen der Paxis - 2\" \/><\/figure><\/div><div class=\"swiper-slide\" role=\"group\" aria-roledescription=\"slide\" aria-label=\"3 sur 11\"><figure class=\"swiper-slide-inner\"><img decoding=\"async\" class=\"swiper-slide-image\" src=\"https:\/\/renemaraite.viersieben.be\/wp-content\/uploads\/2023\/06\/Rene-Praxis_viersieben-21-1536x1024.jpg\" alt=\"Zahnarztpraxis Ren\u00e9 Maraite - Impressionen der Paxis - 3\" \/><\/figure><\/div><div class=\"swiper-slide\" role=\"group\" aria-roledescription=\"slide\" aria-label=\"4 sur 11\"><figure class=\"swiper-slide-inner\"><img decoding=\"async\" class=\"swiper-slide-image\" src=\"https:\/\/renemaraite.viersieben.be\/wp-content\/uploads\/2024\/12\/Praxis-Rene-30-1536x1024.jpg\" alt=\"Zahnarztpraxis Ren\u00e9 Maraite - Impressionen der Paxis - 4\" \/><\/figure><\/div><div class=\"swiper-slide\" role=\"group\" aria-roledescription=\"slide\" aria-label=\"5 sur 11\"><figure class=\"swiper-slide-inner\"><img decoding=\"async\" class=\"swiper-slide-image\" src=\"https:\/\/renemaraite.viersieben.be\/wp-content\/uploads\/2023\/06\/Rene-Praxis_viersieben-06-1536x1024.jpg\" alt=\"Zahnarztpraxis Ren\u00e9 Maraite - Impressionen der Paxis - 5\" \/><\/figure><\/div><div class=\"swiper-slide\" role=\"group\" aria-roledescription=\"slide\" aria-label=\"6 sur 11\"><figure class=\"swiper-slide-inner\"><img decoding=\"async\" class=\"swiper-slide-image\" src=\"https:\/\/renemaraite.viersieben.be\/wp-content\/uploads\/2023\/06\/Rene-Praxis_viersieben-16-1536x1024.jpg\" alt=\"Zahnarztpraxis Ren\u00e9 Maraite - Impressionen der Paxis - 6\" \/><\/figure><\/div><div class=\"swiper-slide\" role=\"group\" aria-roledescription=\"slide\" aria-label=\"7 sur 11\"><figure class=\"swiper-slide-inner\"><img decoding=\"async\" class=\"swiper-slide-image\" src=\"https:\/\/renemaraite.viersieben.be\/wp-content\/uploads\/2023\/06\/Rene-Praxis_viersieben-11-1536x1024.jpg\" alt=\"Zahnarztpraxis Ren\u00e9 Maraite - Impressionen der Paxis - 7\" \/><\/figure><\/div><div class=\"swiper-slide\" role=\"group\" aria-roledescription=\"slide\" aria-label=\"8 sur 11\"><figure class=\"swiper-slide-inner\"><img decoding=\"async\" class=\"swiper-slide-image\" src=\"https:\/\/renemaraite.viersieben.be\/wp-content\/uploads\/2024\/12\/Praxis-Rene-51-1536x1024.jpg\" alt=\"Zahnarztpraxis Ren\u00e9 Maraite - Impressionen der Paxis - 8\" \/><\/figure><\/div><div class=\"swiper-slide\" role=\"group\" aria-roledescription=\"slide\" aria-label=\"9 sur 11\"><figure class=\"swiper-slide-inner\"><img decoding=\"async\" class=\"swiper-slide-image\" src=\"https:\/\/renemaraite.viersieben.be\/wp-content\/uploads\/2023\/06\/Rene-Praxis_viersieben-19-1536x1024.jpg\" alt=\"Zahnarztpraxis Ren\u00e9 Maraite - Impressionen der Paxis - 9\" \/><\/figure><\/div><div class=\"swiper-slide\" role=\"group\" aria-roledescription=\"slide\" aria-label=\"10 sur 11\"><figure class=\"swiper-slide-inner\"><img decoding=\"async\" class=\"swiper-slide-image\" src=\"https:\/\/renemaraite.viersieben.be\/wp-content\/uploads\/2023\/06\/Rene-Praxis_viersieben-05-1536x1024.jpg\" alt=\"Zahnarztpraxis Ren\u00e9 Maraite - Impressionen der Paxis - 10\" \/><\/figure><\/div><div class=\"swiper-slide\" role=\"group\" aria-roledescription=\"slide\" aria-label=\"11 sur 11\"><figure class=\"swiper-slide-inner\"><img decoding=\"async\" class=\"swiper-slide-image\" src=\"https:\/\/renemaraite.viersieben.be\/wp-content\/uploads\/2024\/12\/Zahnarztpraxis-Maraite_Impressionen.jpg\" alt=\"Zahnarztpraxis Ren\u00e9 Maraite - Impressionen der Paxis - 11\" \/><\/figure><\/div>\t\t\t<\/div>\n\t\t\t\t\t\t\t\t\t\t\t\t<div class=\"elementor-swiper-button elementor-swiper-button-prev\" role=\"button\" tabindex=\"0\">\n\t\t\t\t\t\t<i aria-hidden=\"true\" class=\"eicon-chevron-left\"><\/i>\t\t\t\t\t<\/div>\n\t\t\t\t\t<div class=\"elementor-swiper-button elementor-swiper-button-next\" role=\"button\" tabindex=\"0\">\n\t\t\t\t\t\t<i aria-hidden=\"true\" class=\"eicon-chevron-right\"><\/i>\t\t\t\t\t<\/div>\n\t\t\t\t\n\t\t\t\t\t\t\t\t\t<\/div>\n\t\t\t\t\t\t<\/div>\n\t\t\t\t<\/div>\n\t\t\t\t\t<\/div>\n\t\t<\/div>\n\t\t\t\t\t<\/div>\n\t\t<\/section>\n\t\t\t\t<section class=\"elementor-section elementor-top-section elementor-element elementor-element-47249ee elementor-section-full_width elementor-section-height-default elementor-section-height-default\" data-id=\"47249ee\" data-element_type=\"section\">\n\t\t\t\t\t\t<div class=\"elementor-container elementor-column-gap-no\">\n\t\t\t\t\t<div class=\"elementor-column elementor-col-100 elementor-top-column elementor-element elementor-element-2b99d98\" data-id=\"2b99d98\" data-element_type=\"column\">\n\t\t\t<div class=\"elementor-widget-wrap elementor-element-populated\">\n\t\t\t\t\t\t<div class=\"elementor-element elementor-element-0418a0d elementor-align-left elementor-widget elementor-widget-bdevs-contact-info\" data-id=\"0418a0d\" data-element_type=\"widget\" data-widget_type=\"bdevs-contact-info.default\">\n\t\t\t\t<div class=\"elementor-widget-container\">\n\t\t\t\t\t\n\t   \t<section class=\"contact-area\">\n            <div class=\"container\">\n                <div class=\"row\">\n\t\t\t\t\t                    <div class=\"col-xl-4 col-lg-4 col-md-4\">\n                        <div class=\"contact text-center bdevs-el-content mb-30\">\n                        \t                            \t<i class=\"bdevs-el-video fas fa-envelope\"><\/i>\n                        \t\t\n                            \t\t\t\t\t\t\t\t<h3 class=\"bdevs-el-title\">\u00c9crivez-nous<\/h3>\n\t\t\t\t\t\t\t\t\n\n                            \t\t\t\t\t\t\t\t<p class=\"bdevs-el-subtitle\"><a href=\"mailto:info@dentiste-maraite.lu\">info@dentiste-maraite.lu<\/a><\/p>\n\t\t\t\t\t\t\t\t\n                        <\/div>\n                    <\/div>\n                                        <div class=\"col-xl-4 col-lg-4 col-md-4\">\n                        <div class=\"contact text-center bdevs-el-content mb-30\">\n                        \t                            \t<i class=\"bdevs-el-video fas fa-map-marker-alt\"><\/i>\n                        \t\t\n                            \t\t\t\t\t\t\t\t<h3 class=\"bdevs-el-title\">Visitez-nous<\/h3>\n\t\t\t\t\t\t\t\t\n\n                            \t\t\t\t\t\t\t\t<p class=\"bdevs-el-subtitle\">26 \u00cblwenterstrooss, 9952 Dr\u00e9nkelt \u00cblwen, Luxemburg<\/p>\n\t\t\t\t\t\t\t\t\n                        <\/div>\n                    <\/div>\n                                        <div class=\"col-xl-4 col-lg-4 col-md-4\">\n                        <div class=\"contact text-center bdevs-el-content mb-30\">\n                        \t                            \t<i class=\"bdevs-el-video fas fa-phone\"><\/i>\n                        \t\t\n                            \t\t\t\t\t\t\t\t<h3 class=\"bdevs-el-title\">Appelez-nous<\/h3>\n\t\t\t\t\t\t\t\t\n\n                            \t\t\t\t\t\t\t\t<p class=\"bdevs-el-subtitle\"><a href=\"tel:+35228806678\">LU: +352 28 80 66 78<\/a><br><a href=\"tel:+3280605017\"> BE: +32 80 60 50 17 <\/a><\/p>\n\t\t\t\t\t\t\t\t\n                        <\/div>\n                    <\/div>\n                    \t\n                <\/div>\n            <\/div>\n        <\/section>\n        \t\n\t\t\t\t\t<\/div>\n\t\t\t\t<\/div>\n\t\t\t\t\t<\/div>\n\t\t<\/div>\n\t\t\t\t\t<\/div>\n\t\t<\/section>\n\t\t\t\t<\/div>\n\t\t","protected":false},"excerpt":{"rendered":"<p>Votre cabinet dentaire en situation centrale Notre cabinet dentaire a \u00e9t\u00e9 cr\u00e9\u00e9 en 2022 et vous offre depuis lors un environnement moderne, convivial et accessible pour vos soins dentaires. Il est situ\u00e9 au rez-de-chauss\u00e9e (Rez de Chausse), ce qui rend l&rsquo;acc\u00e8s particuli\u00e8rement facile pour tous les patients. Gr\u00e2ce \u00e0 notre situation centrale entre Weiswampach et [&hellip;]<\/p>\n","protected":false},"author":1,"featured_media":0,"parent":0,"menu_order":0,"comment_status":"closed","ping_status":"closed","template":"elementor_header_footer","meta":{"_acf_changed":false,"footnotes":""},"class_list":["post-9539","page","type-page","status-publish","hentry"],"acf":[],"_links":{"self":[{"href":"https:\/\/renemaraite.viersieben.be\/fr\/wp-json\/wp\/v2\/pages\/9539","targetHints":{"allow":["GET"]}}],"collection":[{"href":"https:\/\/renemaraite.viersieben.be\/fr\/wp-json\/wp\/v2\/pages"}],"about":[{"href":"https:\/\/renemaraite.viersieben.be\/fr\/wp-json\/wp\/v2\/types\/page"}],"author":[{"embeddable":true,"href":"https:\/\/renemaraite.viersieben.be\/fr\/wp-json\/wp\/v2\/users\/1"}],"replies":[{"embeddable":true,"href":"https:\/\/renemaraite.viersieben.be\/fr\/wp-json\/wp\/v2\/comments?post=9539"}],"version-history":[{"count":4,"href":"https:\/\/renemaraite.viersieben.be\/fr\/wp-json\/wp\/v2\/pages\/9539\/revisions"}],"predecessor-version":[{"id":9828,"href":"https:\/\/renemaraite.viersieben.be\/fr\/wp-json\/wp\/v2\/pages\/9539\/revisions\/9828"}],"wp:attachment":[{"href":"https:\/\/renemaraite.viersieben.be\/fr\/wp-json\/wp\/v2\/media?parent=9539"}],"curies":[{"name":"wp","href":"https:\/\/api.w.org\/{rel}","templated":true}]}}