{"id":9540,"date":"2024-05-02T21:03:44","date_gmt":"2024-05-02T19:03:44","guid":{"rendered":"https:\/\/renemaraite.viersieben.be\/offres-demploi\/"},"modified":"2025-01-05T15:56:20","modified_gmt":"2025-01-05T14:56:20","slug":"offres-demploi","status":"publish","type":"page","link":"http:\/\/renemaraite.viersieben.be\/fr\/offres-demploi\/","title":{"rendered":"Offres d&#8217;emploi"},"content":{"rendered":"\t\t<div data-elementor-type=\"wp-post\" data-elementor-id=\"9540\" class=\"elementor elementor-9540 elementor-8508\" data-elementor-post-type=\"page\">\n\t\t\t\t\t\t<section class=\"elementor-section elementor-top-section elementor-element elementor-element-9a6e952 elementor-section-full_width elementor-section-height-default elementor-section-height-default\" data-id=\"9a6e952\" data-element_type=\"section\">\n\t\t\t\t\t\t<div class=\"elementor-container elementor-column-gap-no\">\n\t\t\t\t\t<div class=\"elementor-column elementor-col-100 elementor-top-column elementor-element elementor-element-63e4703\" data-id=\"63e4703\" data-element_type=\"column\">\n\t\t\t<div class=\"elementor-widget-wrap elementor-element-populated\">\n\t\t\t\t\t\t<div class=\"elementor-element elementor-element-00dc30d elementor-widget elementor-widget-spacer\" data-id=\"00dc30d\" data-element_type=\"widget\" data-widget_type=\"spacer.default\">\n\t\t\t\t<div class=\"elementor-widget-container\">\n\t\t\t\t\t\t\t<div class=\"elementor-spacer\">\n\t\t\t<div class=\"elementor-spacer-inner\"><\/div>\n\t\t<\/div>\n\t\t\t\t\t\t<\/div>\n\t\t\t\t<\/div>\n\t\t\t\t<div class=\"elementor-element elementor-element-be49088 elementor-align-center elementor-widget elementor-widget-bdevs-heading\" data-id=\"be49088\" data-element_type=\"widget\" data-widget_type=\"bdevs-heading.default\">\n\t\t\t\t<div class=\"elementor-widget-container\">\n\t\t\t\t\t\t\t\t<div class=\"section-title tp-el-content\">\n\t\t\t\t<div class=\"section-text\">\n\t\t\t\t\t\n\t\t\t\t\t<h2 class=\"sec-title tp-el-title\">Werfen Sie einen Blick auf unsere offenen Stellen.<\/h2>\n\n\t\t\t\t\t\t\t\t\t<\/div>\n\t\t\t<\/div>\n\n\n\t\t\t\t\t\t<\/div>\n\t\t\t\t<\/div>\n\t\t\t\t\t<\/div>\n\t\t<\/div>\n\t\t\t\t\t<\/div>\n\t\t<\/section>\n\t\t\t\t<section class=\"elementor-section elementor-top-section elementor-element elementor-element-60ae940 elementor-section-full_width elementor-section-height-default elementor-section-height-default\" data-id=\"60ae940\" data-element_type=\"section\" data-settings=\"{&quot;background_background&quot;:&quot;classic&quot;}\">\n\t\t\t\t\t\t<div class=\"elementor-container elementor-column-gap-no\">\n\t\t\t\t\t<div class=\"elementor-column elementor-col-100 elementor-top-column elementor-element elementor-element-d19828e\" data-id=\"d19828e\" data-element_type=\"column\">\n\t\t\t<div class=\"elementor-widget-wrap elementor-element-populated\">\n\t\t\t\t\t\t<div class=\"elementor-element elementor-element-e5cda6b elementor-align-left elementor-widget elementor-widget-bdevs-about\" data-id=\"e5cda6b\" data-element_type=\"widget\" data-widget_type=\"bdevs-about.default\">\n\t\t\t\t<div class=\"elementor-widget-container\">\n\t\t\t\t\t\n\t\t\t<section class=\"about-area about-style-6 bdevs-el-section\">\n\t\t\t\t<div class=\"container\">\n\t\t\t\t\t<div class=\"row\">\n\t\t\t\t\t\t<div class=\"col-xl-6 col-lg-5\">\n\t\t\t\t\t\t\t<div class=\"about-left-side pos-rel mb-30\">\n\t\t\t\t\t\t\t\t<div class=\"about-img pos-rel\">\n\t\t\t\t\t\t\t\t\t\t\t\t\t\t\t\t\t\t\t<img decoding=\"async\" src=\"http:\/\/renemaraite.viersieben.be\/wp-content\/uploads\/2024\/05\/2024_04-Rene-Stellenanzeige_Zahnarzt.jpg\" alt=\"About Image\">\n\t\t\t\t\t\t\t\t\t\t\t\t\t\t\t\t\t<\/div>\n\t\t\t\t\t\t\t<\/div>\n\t\t\t\t\t\t<\/div>\n\t\t\t\t\t\t<div class=\"col-xl-6 col-lg-7\">\n\t\t\t\t\t\t\t<div class=\"about-right-side mb-30 tp-el-content\">\n\t\t\t\t\t\t\t\t<div class=\"about-title mb-20\">\n\t\t\t\t\t\t\t\t\t\n\t\t\t\t\t\t\t\t\t<h2 class=\"sec-title tp-el-title\">Zahnarzt\/in<\/h2>\n\t\t\t\t\t\t\t\t<\/div>\n\n\t\t\t\t\t\t\t\t\t\t\t\t\t\t\t\t\t<div class=\"about-text mb-50\">\n\t\t\t\t\t\t\t\t\t\t<p>Wir suchen zum sofortigen Eintritt eine\/n Zahnarzt\/in in Voll- oder Teilzeit.<br \/>Gerne mit T\u00e4tigkeitsschwerpunkt (z.B. Kinderheilkunde, Endodontologe, ...)<\/p>\t\t\t\t\t\t\t\t\t<\/div>\n\t\t\t\t\t\t\t\t\t\t\t\t\t\t\t\t<div class=\"our-destination\">\n\t\t\t\t\t\t\t\t\t\t\t\t\t\t\t\t\t\t\t<div class=\"single-item mb-30\">\n\t\t\t\t\t\t\t\t\t\t\t\n\t\t\t\t\t\t\t\t\t\t\t<div class=\"mv-title fix\">\n\t\t\t\t\t\t\t\t\t\t\t\t<h3>WIR BIETEN IHNEN<\/h3>\n\t\t\t\t\t\t\t\t\t\t\t\t\t\t\t\t\t\t\t\t\t\t\t\t\t<p>\u2022 eine langfristige T\u00e4tigkeit in einer qualit\u00e4tsorientierten Zahnarztpraxis\n<br>\u2022 Weiterbildungsm\u00f6glichkeiten\n<br>\u2022 umfangreiche Behandlungsm\u00f6glichkeiten\n<br>\u2022 flexible Arbeitsgestaltung\n<br>\u2022 eine hochmoderne technische Ausstattung\n&#8211; Lachgas, CBCT, CAD\/CAM Digitaler Workflow\n<br>\u2022 frisch renovierte R\u00e4umlichkeiten\n<br>\u2022 nettes und hilfsbereites Team in famili\u00e4rer Umgebung<\/p>\n\t\t\t\t\t\t\t\t\t\t\t\t\t\t\t\t\t\t\t\t\t\t\t<\/div>\n\t\t\t\t\t\t\t\t\t\t<\/div>\n\t\t\t\t\t\t\t\t\t\t\t\t\t\t\t\t\t\t\t<div class=\"single-item mb-30\">\n\t\t\t\t\t\t\t\t\t\t\t\n\t\t\t\t\t\t\t\t\t\t\t<div class=\"mv-title fix\">\n\t\t\t\t\t\t\t\t\t\t\t\t<h3>IHR PROFIL<\/h3>\n\t\t\t\t\t\t\t\t\t\t\t\t\t\t\t\t\t\t\t\t\t\t\t\t\t<p>\u2022 Loyal den Patienten gegen\u00fcber\n<br>\u2022 Fachkompetenz\n<br>\u2022 Engagement\n<br>\u2022 Freude an der Arbeit mit Menschen\n<br>\u2022 Teamf\u00e4higkeit<\/p>\n\t\t\t\t\t\t\t\t\t\t\t\t\t\t\t\t\t\t\t\t\t\t\t<\/div>\n\t\t\t\t\t\t\t\t\t\t<\/div>\n\t\t\t\t\t\t\t\t\t\t\t\t\t\t\t\t\t<\/div>\n\t\t\t\t\t\t\t<\/div>\n\t\t\t\t\t\t<\/div>\n\t\t\t\t\t<\/div>\n\t\t\t\t<\/div>\n\t\t\t<\/section>\n\n\t\t\t\t\t\t<\/div>\n\t\t\t\t<\/div>\n\t\t\t\t<div class=\"elementor-element elementor-element-776a35e elementor-align-center elementor-widget elementor-widget-button\" data-id=\"776a35e\" data-element_type=\"widget\" data-widget_type=\"button.default\">\n\t\t\t\t<div class=\"elementor-widget-container\">\n\t\t\t\t\t\t\t\t\t<div class=\"elementor-button-wrapper\">\n\t\t\t\t\t<a class=\"elementor-button elementor-button-link elementor-size-sm\" href=\"http:\/\/renemaraite.viersieben.be\/wp-content\/uploads\/2024\/05\/2024_04-Rene-Stellenanzeige_Zahnarzt.pdf\">\n\t\t\t\t\t\t<span class=\"elementor-button-content-wrapper\">\n\t\t\t\t\t\t\t\t\t<span class=\"elementor-button-text\">T\u00e9l\u00e9chargez l'offre d'emploi<\/span>\n\t\t\t\t\t<\/span>\n\t\t\t\t\t<\/a>\n\t\t\t\t<\/div>\n\t\t\t\t\t\t\t\t<\/div>\n\t\t\t\t<\/div>\n\t\t\t\t<div class=\"elementor-element elementor-element-c700f81 elementor-widget elementor-widget-spacer\" data-id=\"c700f81\" data-element_type=\"widget\" data-widget_type=\"spacer.default\">\n\t\t\t\t<div class=\"elementor-widget-container\">\n\t\t\t\t\t\t\t<div class=\"elementor-spacer\">\n\t\t\t<div class=\"elementor-spacer-inner\"><\/div>\n\t\t<\/div>\n\t\t\t\t\t\t<\/div>\n\t\t\t\t<\/div>\n\t\t\t\t\t<\/div>\n\t\t<\/div>\n\t\t\t\t\t<\/div>\n\t\t<\/section>\n\t\t\t\t<section class=\"elementor-section elementor-top-section elementor-element elementor-element-48a45f4 elementor-section-full_width elementor-section-height-default elementor-section-height-default\" data-id=\"48a45f4\" data-element_type=\"section\" data-settings=\"{&quot;background_background&quot;:&quot;classic&quot;}\">\n\t\t\t\t\t\t<div class=\"elementor-container elementor-column-gap-no\">\n\t\t\t\t\t<div class=\"elementor-column elementor-col-100 elementor-top-column elementor-element elementor-element-1d05e15\" data-id=\"1d05e15\" data-element_type=\"column\">\n\t\t\t<div class=\"elementor-widget-wrap elementor-element-populated\">\n\t\t\t\t\t\t<div class=\"elementor-element elementor-element-07ff28a elementor-align-left elementor-widget elementor-widget-bdevs-about\" data-id=\"07ff28a\" data-element_type=\"widget\" data-widget_type=\"bdevs-about.default\">\n\t\t\t\t<div class=\"elementor-widget-container\">\n\t\t\t\t\t\n\t\t\t<section class=\"about-area about-style-6 bdevs-el-section\">\n\t\t\t\t<div class=\"container\">\n\t\t\t\t\t<div class=\"row\">\n\t\t\t\t\t\t<div class=\"col-xl-6 col-lg-5\">\n\t\t\t\t\t\t\t<div class=\"about-left-side pos-rel mb-30\">\n\t\t\t\t\t\t\t\t<div class=\"about-img pos-rel\">\n\t\t\t\t\t\t\t\t\t\t\t\t\t\t\t\t\t\t\t<img decoding=\"async\" src=\"http:\/\/renemaraite.viersieben.be\/wp-content\/uploads\/2024\/05\/2024_04-Rene-Stellenanzeige_Zahntechniker.jpg\" alt=\"About Image\">\n\t\t\t\t\t\t\t\t\t\t\t\t\t\t\t\t\t<\/div>\n\t\t\t\t\t\t\t<\/div>\n\t\t\t\t\t\t<\/div>\n\t\t\t\t\t\t<div class=\"col-xl-6 col-lg-7\">\n\t\t\t\t\t\t\t<div class=\"about-right-side mb-30 tp-el-content\">\n\t\t\t\t\t\t\t\t<div class=\"about-title mb-20\">\n\t\t\t\t\t\t\t\t\t\n\t\t\t\t\t\t\t\t\t<h2 class=\"sec-title tp-el-title\">Zahntechniker\/in<\/h2>\n\t\t\t\t\t\t\t\t<\/div>\n\n\t\t\t\t\t\t\t\t\t\t\t\t\t\t\t\t\t<div class=\"about-text mb-50\">\n\t\t\t\t\t\t\t\t\t\t<p>Wir suchen zum sofortigen Eintritt eine\/n Zahntechniker\/in in Voll- oder Teilzeit.<\/p>\t\t\t\t\t\t\t\t\t<\/div>\n\t\t\t\t\t\t\t\t\t\t\t\t\t\t\t\t<div class=\"our-destination\">\n\t\t\t\t\t\t\t\t\t\t\t\t\t\t\t\t\t\t\t<div class=\"single-item mb-30\">\n\t\t\t\t\t\t\t\t\t\t\t\n\t\t\t\t\t\t\t\t\t\t\t<div class=\"mv-title fix\">\n\t\t\t\t\t\t\t\t\t\t\t\t<h3>WIR BIETEN IHNEN<\/h3>\n\t\t\t\t\t\t\t\t\t\t\t\t\t\t\t\t\t\t\t\t\t\t\t\t\t<p>\u2022 eine langfristige T\u00e4tigkeit in einer qualit\u00e4tsorientierten Zahnarztpraxis\n<br>\u2022 Weiterbildungsm\u00f6glichkeiten\n<br>\u2022 umfangreiche Eigengestaltung der zahntechnischen T\u00e4tigkeiten\n<br>\u2022 flexible Arbeitsgestaltung\n<br>\u2022 eine hochmoderne technische Ausstattung\n<br>\u2022 frisch renovierte R\u00e4umlichkeiten\n<br>\u2022 nettes und hilfsbereites Team in famili\u00e4rer Umgebung<\/p>\n\t\t\t\t\t\t\t\t\t\t\t\t\t\t\t\t\t\t\t\t\t\t\t<\/div>\n\t\t\t\t\t\t\t\t\t\t<\/div>\n\t\t\t\t\t\t\t\t\t\t\t\t\t\t\t\t\t\t\t<div class=\"single-item mb-30\">\n\t\t\t\t\t\t\t\t\t\t\t\n\t\t\t\t\t\t\t\t\t\t\t<div class=\"mv-title fix\">\n\t\t\t\t\t\t\t\t\t\t\t\t<h3>IHR PROFIL<\/h3>\n\t\t\t\t\t\t\t\t\t\t\t\t\t\t\t\t\t\t\t\t\t\t\t\t\t<p>\u2022 Interesse am Aufbau eines modernen Praxislabores\n<br>\u2022 Selbstst\u00e4ndiges und eigenverantwortliches Arbeiten\n<br>\u2022 Fachkompetenz\n<br>\u2022 Engagement\n<br>\u2022 Freude an der Arbeit mit Menschen\n<br>\u2022 Teamf\u00e4higkeit<\/p>\n\t\t\t\t\t\t\t\t\t\t\t\t\t\t\t\t\t\t\t\t\t\t\t<\/div>\n\t\t\t\t\t\t\t\t\t\t<\/div>\n\t\t\t\t\t\t\t\t\t\t\t\t\t\t\t\t\t<\/div>\n\t\t\t\t\t\t\t<\/div>\n\t\t\t\t\t\t<\/div>\n\t\t\t\t\t<\/div>\n\t\t\t\t<\/div>\n\t\t\t<\/section>\n\n\t\t\t\t\t\t<\/div>\n\t\t\t\t<\/div>\n\t\t\t\t<div class=\"elementor-element elementor-element-5d182a8 elementor-align-center elementor-widget elementor-widget-button\" data-id=\"5d182a8\" data-element_type=\"widget\" data-widget_type=\"button.default\">\n\t\t\t\t<div class=\"elementor-widget-container\">\n\t\t\t\t\t\t\t\t\t<div class=\"elementor-button-wrapper\">\n\t\t\t\t\t<a class=\"elementor-button elementor-button-link elementor-size-sm\" href=\"http:\/\/renemaraite.viersieben.be\/wp-content\/uploads\/2024\/05\/2024_04-Rene-Stellenanzeige_Zahntechniker.pdf\">\n\t\t\t\t\t\t<span class=\"elementor-button-content-wrapper\">\n\t\t\t\t\t\t\t\t\t<span class=\"elementor-button-text\">T\u00e9l\u00e9chargez l'offre d'emploi<\/span>\n\t\t\t\t\t<\/span>\n\t\t\t\t\t<\/a>\n\t\t\t\t<\/div>\n\t\t\t\t\t\t\t\t<\/div>\n\t\t\t\t<\/div>\n\t\t\t\t<div class=\"elementor-element elementor-element-b2668b6 elementor-widget elementor-widget-spacer\" data-id=\"b2668b6\" data-element_type=\"widget\" data-widget_type=\"spacer.default\">\n\t\t\t\t<div class=\"elementor-widget-container\">\n\t\t\t\t\t\t\t<div class=\"elementor-spacer\">\n\t\t\t<div class=\"elementor-spacer-inner\"><\/div>\n\t\t<\/div>\n\t\t\t\t\t\t<\/div>\n\t\t\t\t<\/div>\n\t\t\t\t\t<\/div>\n\t\t<\/div>\n\t\t\t\t\t<\/div>\n\t\t<\/section>\n\t\t\t\t<section class=\"elementor-section elementor-top-section elementor-element elementor-element-e6fe95e elementor-section-full_width elementor-section-height-default elementor-section-height-default\" data-id=\"e6fe95e\" data-element_type=\"section\" data-settings=\"{&quot;background_background&quot;:&quot;classic&quot;}\">\n\t\t\t\t\t\t<div class=\"elementor-container elementor-column-gap-no\">\n\t\t\t\t\t<div class=\"elementor-column elementor-col-100 elementor-top-column elementor-element elementor-element-74702c0\" data-id=\"74702c0\" data-element_type=\"column\">\n\t\t\t<div class=\"elementor-widget-wrap elementor-element-populated\">\n\t\t\t\t\t\t<div class=\"elementor-element elementor-element-1790710 elementor-align-left elementor-widget elementor-widget-bdevs-about\" data-id=\"1790710\" data-element_type=\"widget\" data-widget_type=\"bdevs-about.default\">\n\t\t\t\t<div class=\"elementor-widget-container\">\n\t\t\t\t\t\n\t\t\t<section class=\"about-area about-style-6 bdevs-el-section\">\n\t\t\t\t<div class=\"container\">\n\t\t\t\t\t<div class=\"row\">\n\t\t\t\t\t\t<div class=\"col-xl-6 col-lg-5\">\n\t\t\t\t\t\t\t<div class=\"about-left-side pos-rel mb-30\">\n\t\t\t\t\t\t\t\t<div class=\"about-img pos-rel\">\n\t\t\t\t\t\t\t\t\t\t\t\t\t\t\t\t\t\t\t<img decoding=\"async\" src=\"http:\/\/renemaraite.viersieben.be\/wp-content\/uploads\/2024\/05\/2024_04-Rene-Stellenanzeige_Fachangestellte.jpg\" alt=\"About Image\">\n\t\t\t\t\t\t\t\t\t\t\t\t\t\t\t\t\t<\/div>\n\t\t\t\t\t\t\t<\/div>\n\t\t\t\t\t\t<\/div>\n\t\t\t\t\t\t<div class=\"col-xl-6 col-lg-7\">\n\t\t\t\t\t\t\t<div class=\"about-right-side mb-30 tp-el-content\">\n\t\t\t\t\t\t\t\t<div class=\"about-title mb-20\">\n\t\t\t\t\t\t\t\t\t\n\t\t\t\t\t\t\t\t\t<h2 class=\"sec-title tp-el-title\">Zahnmedizinisches Fachpersonal<\/h2>\n\t\t\t\t\t\t\t\t<\/div>\n\n\t\t\t\t\t\t\t\t\t\t\t\t\t\t\t\t\t<div class=\"about-text mb-50\">\n\t\t\t\t\t\t\t\t\t\t<p>Wir suchen zum sofortigen Eintritt Zahnmedizinisches Fachpersonal<br \/>(ZMF, ZMP, DH) in Voll- oder Teilzeit.<\/p>\t\t\t\t\t\t\t\t\t<\/div>\n\t\t\t\t\t\t\t\t\t\t\t\t\t\t\t\t<div class=\"our-destination\">\n\t\t\t\t\t\t\t\t\t\t\t\t\t\t\t\t\t\t\t<div class=\"single-item mb-30\">\n\t\t\t\t\t\t\t\t\t\t\t\n\t\t\t\t\t\t\t\t\t\t\t<div class=\"mv-title fix\">\n\t\t\t\t\t\t\t\t\t\t\t\t<h3>WIR BIETEN IHNEN<\/h3>\n\t\t\t\t\t\t\t\t\t\t\t\t\t\t\t\t\t\t\t\t\t\t\t\t\t<p>\u2022 eine langfristige T\u00e4tigkeit in einer qualit\u00e4tsorientierten Zahnarztpraxis\n<br>\u2022 Weiterbildungsm\u00f6glichkeiten\n<br>\u2022 umfangreiche Behandlungsm\u00f6glichkeiten\n<br>\u2022 flexible Arbeitsgestaltung\n<br>\u2022 eine hochmoderne technische Ausstattung\n<br>\u2022 frisch renovierte R\u00e4umlichkeiten\n<br>\u2022 nettes und hilfsbereites Team in famili\u00e4rer Umgebung<\/p>\n\t\t\t\t\t\t\t\t\t\t\t\t\t\t\t\t\t\t\t\t\t\t\t<\/div>\n\t\t\t\t\t\t\t\t\t\t<\/div>\n\t\t\t\t\t\t\t\t\t\t\t\t\t\t\t\t\t\t\t<div class=\"single-item mb-30\">\n\t\t\t\t\t\t\t\t\t\t\t\n\t\t\t\t\t\t\t\t\t\t\t<div class=\"mv-title fix\">\n\t\t\t\t\t\t\t\t\t\t\t\t<h3>IHR PROFIL<\/h3>\n\t\t\t\t\t\t\t\t\t\t\t\t\t\t\t\t\t\t\t\t\t\t\t\t\t<p>\u2022 Loyal den Patienten gegen\u00fcber\n<br>\u2022 Fachkompetenz\n<br>\u2022 Engagement\n<br>\u2022 Freude an der Arbeit mit Menschen\n<br>\u2022 Teamf\u00e4higkeit<\/p>\n\t\t\t\t\t\t\t\t\t\t\t\t\t\t\t\t\t\t\t\t\t\t\t<\/div>\n\t\t\t\t\t\t\t\t\t\t<\/div>\n\t\t\t\t\t\t\t\t\t\t\t\t\t\t\t\t\t<\/div>\n\t\t\t\t\t\t\t<\/div>\n\t\t\t\t\t\t<\/div>\n\t\t\t\t\t<\/div>\n\t\t\t\t<\/div>\n\t\t\t<\/section>\n\n\t\t\t\t\t\t<\/div>\n\t\t\t\t<\/div>\n\t\t\t\t<div class=\"elementor-element elementor-element-dfb89b7 elementor-align-center elementor-widget elementor-widget-button\" data-id=\"dfb89b7\" data-element_type=\"widget\" data-widget_type=\"button.default\">\n\t\t\t\t<div class=\"elementor-widget-container\">\n\t\t\t\t\t\t\t\t\t<div class=\"elementor-button-wrapper\">\n\t\t\t\t\t<a class=\"elementor-button elementor-button-link elementor-size-sm\" href=\"http:\/\/renemaraite.viersieben.be\/wp-content\/uploads\/2024\/05\/2024_04-Rene-Stellenanzeige_Fachangestellte.pdf\">\n\t\t\t\t\t\t<span class=\"elementor-button-content-wrapper\">\n\t\t\t\t\t\t\t\t\t<span class=\"elementor-button-text\">T\u00e9l\u00e9chargez l'offre d'emploi<\/span>\n\t\t\t\t\t<\/span>\n\t\t\t\t\t<\/a>\n\t\t\t\t<\/div>\n\t\t\t\t\t\t\t\t<\/div>\n\t\t\t\t<\/div>\n\t\t\t\t<div class=\"elementor-element elementor-element-6c15ff4 elementor-widget elementor-widget-spacer\" data-id=\"6c15ff4\" data-element_type=\"widget\" data-widget_type=\"spacer.default\">\n\t\t\t\t<div class=\"elementor-widget-container\">\n\t\t\t\t\t\t\t<div class=\"elementor-spacer\">\n\t\t\t<div class=\"elementor-spacer-inner\"><\/div>\n\t\t<\/div>\n\t\t\t\t\t\t<\/div>\n\t\t\t\t<\/div>\n\t\t\t\t\t<\/div>\n\t\t<\/div>\n\t\t\t\t\t<\/div>\n\t\t<\/section>\n\t\t\t\t<section class=\"elementor-section elementor-top-section elementor-element elementor-element-e75d0bc elementor-section-boxed elementor-section-height-default elementor-section-height-default\" data-id=\"e75d0bc\" data-element_type=\"section\" data-settings=\"{&quot;background_background&quot;:&quot;classic&quot;}\">\n\t\t\t\t\t\t<div class=\"elementor-container elementor-column-gap-no\">\n\t\t\t\t\t<div class=\"elementor-column elementor-col-100 elementor-top-column elementor-element elementor-element-65fda70\" data-id=\"65fda70\" data-element_type=\"column\">\n\t\t\t<div class=\"elementor-widget-wrap elementor-element-populated\">\n\t\t\t\t\t\t<div class=\"elementor-element elementor-element-b1dad96 elementor-widget elementor-widget-spacer\" data-id=\"b1dad96\" data-element_type=\"widget\" data-widget_type=\"spacer.default\">\n\t\t\t\t<div class=\"elementor-widget-container\">\n\t\t\t\t\t\t\t<div class=\"elementor-spacer\">\n\t\t\t<div class=\"elementor-spacer-inner\"><\/div>\n\t\t<\/div>\n\t\t\t\t\t\t<\/div>\n\t\t\t\t<\/div>\n\t\t\t\t<div class=\"elementor-element elementor-element-0a434e1 elementor-widget elementor-widget-text-editor\" data-id=\"0a434e1\" data-element_type=\"widget\" data-widget_type=\"text-editor.default\">\n\t\t\t\t<div class=\"elementor-widget-container\">\n\t\t\t\t\t\t\t\t\t<h3>Vous ne trouvez pas d&rsquo;offre d&#8217;emploi correspondant \u00e0 votre profil ?  <\/h3>\n<p>N&rsquo;h\u00e9sitez pas \u00e0 nous envoyer une candidature initiale \u00e0 : bewerbung(at)dentiste-maraite.lu<\/p>\n\t\t\t\t\t\t\t\t<\/div>\n\t\t\t\t<\/div>\n\t\t\t\t<div class=\"elementor-element elementor-element-74009e2 elementor-widget elementor-widget-spacer\" data-id=\"74009e2\" data-element_type=\"widget\" data-widget_type=\"spacer.default\">\n\t\t\t\t<div class=\"elementor-widget-container\">\n\t\t\t\t\t\t\t<div class=\"elementor-spacer\">\n\t\t\t<div class=\"elementor-spacer-inner\"><\/div>\n\t\t<\/div>\n\t\t\t\t\t\t<\/div>\n\t\t\t\t<\/div>\n\t\t\t\t\t<\/div>\n\t\t<\/div>\n\t\t\t\t\t<\/div>\n\t\t<\/section>\n\t\t\t\t<section class=\"elementor-section elementor-top-section elementor-element elementor-element-a477e72 elementor-section-full_width elementor-section-height-default elementor-section-height-default\" data-id=\"a477e72\" data-element_type=\"section\">\n\t\t\t\t\t\t<div class=\"elementor-container elementor-column-gap-no\">\n\t\t\t\t\t<div class=\"elementor-column elementor-col-100 elementor-top-column elementor-element elementor-element-25855b6\" data-id=\"25855b6\" data-element_type=\"column\">\n\t\t\t<div class=\"elementor-widget-wrap elementor-element-populated\">\n\t\t\t\t\t\t<div class=\"elementor-element elementor-element-8d6adb2 elementor-arrows-position-inside elementor-widget elementor-widget-image-carousel\" data-id=\"8d6adb2\" data-element_type=\"widget\" data-settings=\"{&quot;slides_to_show&quot;:&quot;2&quot;,&quot;navigation&quot;:&quot;arrows&quot;,&quot;autoplay_speed&quot;:4000,&quot;pause_on_hover&quot;:&quot;no&quot;,&quot;autoplay&quot;:&quot;yes&quot;,&quot;pause_on_interaction&quot;:&quot;yes&quot;,&quot;infinite&quot;:&quot;yes&quot;,&quot;speed&quot;:500}\" data-widget_type=\"image-carousel.default\">\n\t\t\t\t<div class=\"elementor-widget-container\">\n\t\t\t\t\t\t\t<div class=\"elementor-image-carousel-wrapper swiper\" role=\"region\" aria-roledescription=\"carousel\" aria-label=\"Carrousel d\u2019images\" dir=\"ltr\">\n\t\t\t<div class=\"elementor-image-carousel swiper-wrapper\" aria-live=\"off\">\n\t\t\t\t\t\t\t\t<div class=\"swiper-slide\" role=\"group\" aria-roledescription=\"slide\" aria-label=\"1 sur 7\"><figure class=\"swiper-slide-inner\"><img decoding=\"async\" class=\"swiper-slide-image\" src=\"http:\/\/renemaraite.viersieben.be\/wp-content\/uploads\/2023\/06\/Rene-Praxis_viersieben-01-scaled.jpg\" alt=\"Zahnarztpraxis Ren\u00e9 Maraite - Impressionen der Paxis - 1\" \/><\/figure><\/div><div class=\"swiper-slide\" role=\"group\" aria-roledescription=\"slide\" aria-label=\"2 sur 7\"><figure class=\"swiper-slide-inner\"><img decoding=\"async\" class=\"swiper-slide-image\" src=\"http:\/\/renemaraite.viersieben.be\/wp-content\/uploads\/2023\/06\/Rene-Praxis_viersieben-05-scaled.jpg\" alt=\"Zahnarztpraxis Ren\u00e9 Maraite - Impressionen der Paxis - 10\" \/><\/figure><\/div><div class=\"swiper-slide\" role=\"group\" aria-roledescription=\"slide\" aria-label=\"3 sur 7\"><figure class=\"swiper-slide-inner\"><img decoding=\"async\" class=\"swiper-slide-image\" src=\"http:\/\/renemaraite.viersieben.be\/wp-content\/uploads\/2023\/06\/Rene-Praxis_viersieben-21-scaled.jpg\" alt=\"Zahnarztpraxis Ren\u00e9 Maraite - Impressionen der Paxis - 3\" \/><\/figure><\/div><div class=\"swiper-slide\" role=\"group\" aria-roledescription=\"slide\" aria-label=\"4 sur 7\"><figure class=\"swiper-slide-inner\"><img decoding=\"async\" class=\"swiper-slide-image\" src=\"http:\/\/renemaraite.viersieben.be\/wp-content\/uploads\/2023\/06\/Rene-Praxis_viersieben-06-scaled.jpg\" alt=\"Zahnarztpraxis Ren\u00e9 Maraite - Impressionen der Paxis - 5\" \/><\/figure><\/div><div class=\"swiper-slide\" role=\"group\" aria-roledescription=\"slide\" aria-label=\"5 sur 7\"><figure class=\"swiper-slide-inner\"><img decoding=\"async\" class=\"swiper-slide-image\" src=\"http:\/\/renemaraite.viersieben.be\/wp-content\/uploads\/2023\/06\/Rene-Praxis_viersieben-16-scaled.jpg\" alt=\"Zahnarztpraxis Ren\u00e9 Maraite - Impressionen der Paxis - 6\" \/><\/figure><\/div><div class=\"swiper-slide\" role=\"group\" aria-roledescription=\"slide\" aria-label=\"6 sur 7\"><figure class=\"swiper-slide-inner\"><img decoding=\"async\" class=\"swiper-slide-image\" src=\"http:\/\/renemaraite.viersieben.be\/wp-content\/uploads\/2023\/06\/Rene-Praxis_viersieben-11-scaled.jpg\" alt=\"Zahnarztpraxis Ren\u00e9 Maraite - Impressionen der Paxis - 7\" \/><\/figure><\/div><div class=\"swiper-slide\" role=\"group\" aria-roledescription=\"slide\" aria-label=\"7 sur 7\"><figure class=\"swiper-slide-inner\"><img decoding=\"async\" class=\"swiper-slide-image\" src=\"http:\/\/renemaraite.viersieben.be\/wp-content\/uploads\/2023\/06\/Rene-Praxis_viersieben-19-scaled.jpg\" alt=\"Zahnarztpraxis Ren\u00e9 Maraite - Impressionen der Paxis - 9\" \/><\/figure><\/div>\t\t\t<\/div>\n\t\t\t\t\t\t\t\t\t\t\t\t<div class=\"elementor-swiper-button elementor-swiper-button-prev\" role=\"button\" tabindex=\"0\">\n\t\t\t\t\t\t<i aria-hidden=\"true\" class=\"eicon-chevron-left\"><\/i>\t\t\t\t\t<\/div>\n\t\t\t\t\t<div class=\"elementor-swiper-button elementor-swiper-button-next\" role=\"button\" tabindex=\"0\">\n\t\t\t\t\t\t<i aria-hidden=\"true\" class=\"eicon-chevron-right\"><\/i>\t\t\t\t\t<\/div>\n\t\t\t\t\n\t\t\t\t\t\t\t\t\t<\/div>\n\t\t\t\t\t\t<\/div>\n\t\t\t\t<\/div>\n\t\t\t\t\t<\/div>\n\t\t<\/div>\n\t\t\t\t\t<\/div>\n\t\t<\/section>\n\t\t\t\t<\/div>\n\t\t","protected":false},"excerpt":{"rendered":"<p>Werfen Sie einen Blick auf unsere offenen Stellen. Zahnarzt\/in Wir suchen zum sofortigen Eintritt eine\/n Zahnarzt\/in in Voll- oder Teilzeit.Gerne mit T\u00e4tigkeitsschwerpunkt (z.B. Kinderheilkunde, Endodontologe, &#8230;) WIR BIETEN IHNEN \u2022 eine langfristige T\u00e4tigkeit in einer qualit\u00e4tsorientierten Zahnarztpraxis \u2022 Weiterbildungsm\u00f6glichkeiten \u2022 umfangreiche Behandlungsm\u00f6glichkeiten \u2022 flexible Arbeitsgestaltung \u2022 eine hochmoderne technische Ausstattung &#8211; Lachgas, CBCT, CAD\/CAM Digitaler [&hellip;]<\/p>\n","protected":false},"author":1,"featured_media":0,"parent":0,"menu_order":0,"comment_status":"closed","ping_status":"closed","template":"elementor_header_footer","meta":{"_acf_changed":false,"footnotes":""},"class_list":["post-9540","page","type-page","status-publish","hentry"],"acf":[],"_links":{"self":[{"href":"http:\/\/renemaraite.viersieben.be\/fr\/wp-json\/wp\/v2\/pages\/9540","targetHints":{"allow":["GET"]}}],"collection":[{"href":"http:\/\/renemaraite.viersieben.be\/fr\/wp-json\/wp\/v2\/pages"}],"about":[{"href":"http:\/\/renemaraite.viersieben.be\/fr\/wp-json\/wp\/v2\/types\/page"}],"author":[{"embeddable":true,"href":"http:\/\/renemaraite.viersieben.be\/fr\/wp-json\/wp\/v2\/users\/1"}],"replies":[{"embeddable":true,"href":"http:\/\/renemaraite.viersieben.be\/fr\/wp-json\/wp\/v2\/comments?post=9540"}],"version-history":[{"count":36,"href":"http:\/\/renemaraite.viersieben.be\/fr\/wp-json\/wp\/v2\/pages\/9540\/revisions"}],"predecessor-version":[{"id":9750,"href":"http:\/\/renemaraite.viersieben.be\/fr\/wp-json\/wp\/v2\/pages\/9540\/revisions\/9750"}],"wp:attachment":[{"href":"http:\/\/renemaraite.viersieben.be\/fr\/wp-json\/wp\/v2\/media?parent=9540"}],"curies":[{"name":"wp","href":"https:\/\/api.w.org\/{rel}","templated":true}]}}